{"id":207,"date":"2019-12-28T10:14:32","date_gmt":"2019-12-28T10:14:32","guid":{"rendered":"http:\/\/incevi.es\/?page_id=207"},"modified":"2020-10-21T13:38:25","modified_gmt":"2020-10-21T13:38:25","slug":"garantia","status":"publish","type":"page","link":"https:\/\/incevi.es\/?page_id=207","title":{"rendered":"Garant\u00eda"},"content":{"rendered":"\t\t<div data-elementor-type=\"wp-page\" data-elementor-id=\"207\" class=\"elementor elementor-207\">\n\t\t\t\t\t\t<section class=\"elementor-section elementor-top-section elementor-element elementor-element-12f6df3 elementor-section-boxed elementor-section-height-default elementor-section-height-default\" data-id=\"12f6df3\" data-element_type=\"section\" data-e-type=\"section\">\n\t\t\t\t\t\t<div class=\"elementor-container elementor-column-gap-default\">\n\t\t\t\t\t<div class=\"elementor-column elementor-col-100 elementor-top-column elementor-element elementor-element-5a4b7a2\" data-id=\"5a4b7a2\" data-element_type=\"column\" data-e-type=\"column\">\n\t\t\t<div class=\"elementor-widget-wrap elementor-element-populated\">\n\t\t\t\t\t\t<div class=\"elementor-element elementor-element-3e937ee elementor-widget elementor-widget-heading\" data-id=\"3e937ee\" data-element_type=\"widget\" data-e-type=\"widget\" data-widget_type=\"heading.default\">\n\t\t\t\t<div class=\"elementor-widget-container\">\n\t\t\t\t\t<h2 class=\"elementor-heading-title elementor-size-default\">GARANT\u00cdA<\/h2>\t\t\t\t<\/div>\n\t\t\t\t<\/div>\n\t\t\t\t<div class=\"elementor-element elementor-element-85f45e4 elementor-position-top elementor-widget elementor-widget-image-box\" data-id=\"85f45e4\" data-element_type=\"widget\" data-e-type=\"widget\" data-widget_type=\"image-box.default\">\n\t\t\t\t<div class=\"elementor-widget-container\">\n\t\t\t\t\t<div class=\"elementor-image-box-wrapper\"><figure class=\"elementor-image-box-img\"><img fetchpriority=\"high\" decoding=\"async\" width=\"300\" height=\"300\" src=\"https:\/\/incevi.es\/wp-content\/uploads\/2019\/12\/sello-de-garant\u00eda-300x300.png\" class=\"attachment-medium size-medium wp-image-218\" alt=\"\" srcset=\"https:\/\/incevi.es\/wp-content\/uploads\/2019\/12\/sello-de-garant\u00eda-300x300.png 300w, https:\/\/incevi.es\/wp-content\/uploads\/2019\/12\/sello-de-garant\u00eda-150x150.png 150w, https:\/\/incevi.es\/wp-content\/uploads\/2019\/12\/sello-de-garant\u00eda.png 366w\" sizes=\"(max-width: 300px) 100vw, 300px\" \/><\/figure><\/div>\t\t\t\t<\/div>\n\t\t\t\t<\/div>\n\t\t\t\t\t<\/div>\n\t\t<\/div>\n\t\t\t\t\t<\/div>\n\t\t<\/section>\n\t\t\t\t<section class=\"elementor-section elementor-top-section elementor-element elementor-element-1953fcf elementor-section-boxed elementor-section-height-default elementor-section-height-default\" data-id=\"1953fcf\" data-element_type=\"section\" data-e-type=\"section\">\n\t\t\t\t\t\t<div class=\"elementor-container elementor-column-gap-default\">\n\t\t\t\t\t<div class=\"elementor-column elementor-col-100 elementor-top-column elementor-element elementor-element-cca927d\" data-id=\"cca927d\" data-element_type=\"column\" data-e-type=\"column\">\n\t\t\t<div class=\"elementor-widget-wrap elementor-element-populated\">\n\t\t\t\t\t\t<div class=\"elementor-element elementor-element-14a8518 elementor-widget elementor-widget-text-editor\" data-id=\"14a8518\" data-element_type=\"widget\" data-e-type=\"widget\" data-widget_type=\"text-editor.default\">\n\t\t\t\t<div class=\"elementor-widget-container\">\n\t\t\t\t\t\t\t\t\t<div id=\"top\" class=\"top top-row\">\n<div class=\"grid-rows\">\n<div class=\"grid-row grid-row-top-1\">\n<div class=\"grid-cols\">\n<div class=\"grid-col grid-col-top-1-1\">\n<div class=\"grid-items\">\n<div class=\"grid-item grid-item-top-1-1-1\">\n<div class=\"module title-module module-title-399\">\n<div class=\"title-wrapper\">\n<h2 style=\"text-align: center;\"><strong>EMPRESA AUTORIZADA POR INDUSTRIA<\/strong><\/h2>\n<div class=\"title-divider\">&nbsp;<\/div>\n<div class=\"subtitle\"><p><strong><em>Incevi instalaciones Carme\u00f1o Viedma<\/em><\/strong>, es una empresa de instalaci\u00f3n y mantenimiento de climatizaci\u00f3n y fr\u00edo industrial autorizada por la Consejer\u00eda de Econom\u00eda y Consumo de la Comunidad de Madrid con el n\u00famero 28\/124618 del Registro Industrial. Nuestra gesti\u00f3n comprende el proyecto, direcci\u00f3n y ejecuci\u00f3n, en forma integral o separada, de instalaciones de aire acondicionado en los segmentos residencial, comercial, e industrial.<\/p>\n<p><strong><em>Incevi instalaciones Carme\u00f1o Viedma<\/em><\/strong> Servicio Autorizado para la instalaci\u00f3n y el mantenimiento de dispositivos relacionados directa e indirectamente con gases fluorados seg\u00fan el Reglamente CE N\u00ba 303\/2008 y el Real Decreto 795\/2010 y CE 303\/2008<\/p><\/div>\n<\/div>\n<\/div>\n<\/div>\n<\/div>\n<\/div>\n<\/div>\n<\/div>\n<div class=\"grid-row grid-row-top-2\">\n<div class=\"grid-cols\">\n<div class=\"grid-col grid-col-top-2-1\">\n<div class=\"grid-items\">\n<div class=\"grid-item grid-item-top-2-1-1\">\n<div class=\"module title-module module-title-400\">\n<div class=\"title-wrapper\">\n<h3>&nbsp;<\/h3>\n<h2 style=\"text-align: center;\"><strong>\u00bfQU\u00c9 INCLUYE LA GARANT\u00cdA?<\/strong><\/h2>\n<div class=\"title-divider\">&nbsp;<\/div>\n<div class=\"subtitle\"><p>1- La Garant\u00eda cubre durante el plazo de dos a\u00f1os a partir de la fecha de compra de los equipos, como de la instalaci\u00f3n todas las reparaciones que realice el Servicio de Asistencia T\u00e9cnica Oficial de la marca o en su caso <strong><em>Incevi instalaciones Carme\u00f1o Viedma<\/em><\/strong>. En los supuestos cubiertos por esta Garant\u00eda, el titular de la misma tendr\u00e1 derecho a la reparaci\u00f3n totalmente gratuita de los defectos originarios.<\/p>\n<p>2- En los supuestos en que la reparaci\u00f3n efectuada no fuera satisfactoria, y el aparato no cumple las condiciones \u00f3ptimas para el uso a que estuviese destinado, el titular de la garant\u00eda tendr\u00e1 derecho a la sustituci\u00f3n del equipo adquirido por otro de id\u00e9nticas caracter\u00edsticas.<\/p><\/div>\n<\/div>\n<\/div>\n<\/div>\n<\/div>\n<\/div>\n<\/div>\n<\/div>\n<div class=\"grid-row grid-row-top-3\">\n<div class=\"grid-cols\">\n<div class=\"grid-col grid-col-top-3-1\">\n<div class=\"grid-items\">\n<div class=\"grid-item grid-item-top-3-1-1\">\n<div class=\"module title-module module-title-401\">\n<div class=\"title-wrapper\">\n<h3>&nbsp;<\/h3>\n<h2 style=\"text-align: center;\"><strong>\u00bfQU\u00c9 EXCLUYE LA GARANT\u00cdA?<\/strong><\/h2>\n<div class=\"title-divider\">&nbsp;<\/div>\n<div class=\"subtitle\"><p>1- Las aver\u00edas provocadas por negligencia o mal uso del equipo por parte del cliente.<\/p>\n<p>2- Las operaciones de mantenimiento peri\u00f3dico del producto.<\/p>\n<p>3- Aquellas intervenciones que se deriven de una incorrecta instalaci\u00f3n o de la falta de mantenimiento del mismo, todo ello de conformidad con las recomendaciones de instalaci\u00f3n y uso recogidas en el Libros de Instrucciones \u00f3 Manual de Instalaci\u00f3n.<\/p>\n<p>4- La presente garant\u00eda quedar\u00e1 anulada, y por tanto sin efecto alguno, si el equipo ha sido manipulado, modificado o reparado por personas no autorizadas o servicios t\u00e9cnicos que no sean los oficiales de la marca..<\/p><\/div>\n<\/div>\n<div>&nbsp;<\/div>\n<\/div>\n<\/div>\n<\/div>\n<\/div>\n<\/div>\n<\/div>\n<\/div>\n<\/div>\n<div id=\"information-information\" class=\"container\">\n<div class=\"row\">\n<div id=\"content\" class=\"col-sm-12\">\n<h5 class=\"title page-title\" style=\"text-align: center;\">Garant\u00eda aire acondicionado<\/h5>\n<\/div>\n<\/div>\n<\/div>\t\t\t\t\t\t\t\t<\/div>\n\t\t\t\t<\/div>\n\t\t\t\t\t<\/div>\n\t\t<\/div>\n\t\t\t\t\t<\/div>\n\t\t<\/section>\n\t\t\t\t<section class=\"elementor-section elementor-top-section elementor-element elementor-element-7c7a9af6 elementor-section-stretched elementor-section-full_width elementor-section-height-default elementor-section-height-default\" data-id=\"7c7a9af6\" data-element_type=\"section\" data-e-type=\"section\" data-settings=\"{&quot;background_background&quot;:&quot;classic&quot;,&quot;stretch_section&quot;:&quot;section-stretched&quot;}\">\n\t\t\t\t\t\t\t<div class=\"elementor-background-overlay\"><\/div>\n\t\t\t\t\t\t\t<div class=\"elementor-container elementor-column-gap-default\">\n\t\t\t\t\t<div class=\"elementor-column elementor-col-100 elementor-top-column elementor-element elementor-element-516c69c5\" data-id=\"516c69c5\" data-element_type=\"column\" data-e-type=\"column\" data-settings=\"{&quot;background_background&quot;:&quot;classic&quot;}\">\n\t\t\t<div class=\"elementor-widget-wrap elementor-element-populated\">\n\t\t\t\t\t\t<section class=\"elementor-section elementor-inner-section elementor-element elementor-element-2846244d elementor-section-full_width elementor-section-height-default elementor-section-height-default\" data-id=\"2846244d\" data-element_type=\"section\" data-e-type=\"section\">\n\t\t\t\t\t\t<div class=\"elementor-container elementor-column-gap-no\">\n\t\t\t\t\t<div class=\"elementor-column elementor-col-33 elementor-inner-column elementor-element elementor-element-275e4e37\" data-id=\"275e4e37\" data-element_type=\"column\" data-e-type=\"column\">\n\t\t\t<div class=\"elementor-widget-wrap elementor-element-populated\">\n\t\t\t\t\t\t<div class=\"elementor-element elementor-element-950049b elementor-widget elementor-widget-text-editor\" data-id=\"950049b\" data-element_type=\"widget\" data-e-type=\"widget\" data-widget_type=\"text-editor.default\">\n\t\t\t\t<div class=\"elementor-widget-container\">\n\t\t\t\t\t\t\t\t\t<p><span style=\"color: #ffffff;\">CONTACTO<span style=\"text-decoration: underline;\"><br><\/span><br>Tel\u00e9fono: <a style=\"color: #ffffff;\" href=\"tel: 910 14 47 80\">910 14 47 80<\/a><\/span><br><span style=\"color: #ffffff;\">Movil: <a style=\"color: #ffffff;\" href=\"tel:639720688\">639720688<\/a><\/span><br style=\"color: rgb(255, 255, 255);\"><span style=\"color: rgb(255, 255, 255); font-size: 15px; font-style: normal; font-weight: 400;\">Correo:&nbsp;<\/span><a href=\"mailto:incevicb@gmail.com\" style=\"font-size: 15px; font-style: normal; font-weight: 400; color: rgb(255, 255, 255);\">incevicb@gmail.com<\/a><span style=\"color: #ffffff;\"><br>C\/ Adolfo Marsillach 2, Local 22 &#8211; 28500 Arganda del Rey, Madrid<\/span><\/p>\t\t\t\t\t\t\t\t<\/div>\n\t\t\t\t<\/div>\n\t\t\t\t<div class=\"elementor-element elementor-element-6418761f elementor-widget elementor-widget-heading\" data-id=\"6418761f\" data-element_type=\"widget\" data-e-type=\"widget\" data-widget_type=\"heading.default\">\n\t\t\t\t<div class=\"elementor-widget-container\">\n\t\t\t\t\t<h2 class=\"elementor-heading-title elementor-size-default\">Siguenos en Facebook<\/h2>\t\t\t\t<\/div>\n\t\t\t\t<\/div>\n\t\t\t\t<div class=\"elementor-element elementor-element-3059bbb5 e-grid-align-left e-grid-align-mobile-center elementor-shape-rounded elementor-grid-0 elementor-widget elementor-widget-social-icons\" data-id=\"3059bbb5\" data-element_type=\"widget\" data-e-type=\"widget\" data-widget_type=\"social-icons.default\">\n\t\t\t\t<div class=\"elementor-widget-container\">\n\t\t\t\t\t\t\t<div class=\"elementor-social-icons-wrapper elementor-grid\">\n\t\t\t\t\t\t\t<span class=\"elementor-grid-item\">\n\t\t\t\t\t<a class=\"elementor-icon elementor-social-icon elementor-social-icon-facebook elementor-repeater-item-636f292\" href=\"https:\/\/www.facebook.com\/incevicb.instalacionescermenoviedma\" target=\"_blank\">\n\t\t\t\t\t\t<span class=\"elementor-screen-only\">Facebook<\/span>\n\t\t\t\t\t\t<i aria-hidden=\"true\" class=\"fab fa-facebook\"><\/i>\t\t\t\t\t<\/a>\n\t\t\t\t<\/span>\n\t\t\t\t\t<\/div>\n\t\t\t\t\t\t<\/div>\n\t\t\t\t<\/div>\n\t\t\t\t\t<\/div>\n\t\t<\/div>\n\t\t\t\t<div class=\"elementor-column elementor-col-33 elementor-inner-column elementor-element elementor-element-44c4e45f\" data-id=\"44c4e45f\" data-element_type=\"column\" data-e-type=\"column\">\n\t\t\t<div class=\"elementor-widget-wrap elementor-element-populated\">\n\t\t\t\t\t\t<div class=\"elementor-element elementor-element-64e4d355 elementor-widget elementor-widget-text-editor\" data-id=\"64e4d355\" data-element_type=\"widget\" data-e-type=\"widget\" data-widget_type=\"text-editor.default\">\n\t\t\t\t<div class=\"elementor-widget-container\">\n\t\t\t\t\t\t\t\t\t<p><span style=\"font-size: 15px; font-style: normal; font-weight: 400; color: #ffffff;\"><span style=\"font-size: 15px;\">TE AYUDAMOS<br \/><\/span><\/span><br style=\"color: #7a7a7a; font-weight: 400;\" \/><span style=\"color: #ffffff;\"><a style=\"color: #ffffff;\" href=\"mailto:incevicb@gmail.com\"><span style=\"font-size: 15px; font-style: normal; font-weight: 400;\">Pide tu presupuesto<\/span><\/a><\/span><br style=\"color: #7a7a7a; font-weight: 400;\" \/><span style=\"font-size: 15px; font-style: normal; font-weight: 400; color: #ffffff;\"><a style=\"color: #ffffff;\" href=\"https:\/\/incevi.es\/?page_id=746\">Seguridad en tus instalaciones<\/a><br \/><a style=\"color: #ffffff;\" href=\"https:\/\/incevi.es\/?page_id=702\">Consejos de ahorro<\/a><\/span><br style=\"color: #7a7a7a; font-weight: 400;\" \/><span style=\"font-size: 15px; font-style: normal; font-weight: 400; color: #ffffff;\"><a style=\"color: #ffffff;\" href=\"https:\/\/incevi.es\/?page_id=207\" target=\"_blank\" rel=\"noopener\">Garant\u00eda<\/a><br \/><\/span><\/p>\n<p><strong><span style=\"color: #ffffff; font-style: normal; font-size: 16px;\">\u00a0<\/span><\/strong><\/p>\n<p><strong><span style=\"color: #ffffff;\">\u00a0<\/span><\/strong><\/p>\t\t\t\t\t\t\t\t<\/div>\n\t\t\t\t<\/div>\n\t\t\t\t\t<\/div>\n\t\t<\/div>\n\t\t\t\t<div class=\"elementor-column elementor-col-33 elementor-inner-column elementor-element elementor-element-24d95a6f\" data-id=\"24d95a6f\" data-element_type=\"column\" data-e-type=\"column\">\n\t\t\t<div class=\"elementor-widget-wrap elementor-element-populated\">\n\t\t\t\t\t\t<div class=\"elementor-element elementor-element-12a0f799 elementor-widget elementor-widget-text-editor\" data-id=\"12a0f799\" data-element_type=\"widget\" data-e-type=\"widget\" data-widget_type=\"text-editor.default\">\n\t\t\t\t<div class=\"elementor-widget-container\">\n\t\t\t\t\t\t\t\t\t<p style=\"text-align: justify;\"><a href=\"https:\/\/incevi.es\/?page_id=663\"><span style=\"color: #ffffff;\"><strong>Aviso Legal<\/strong><\/span><\/a><br style=\"color: #7a7a7a;\" \/><span style=\"color: #ffffff;\"><strong><span style=\"font-size: 15px; font-style: normal;\"><a style=\"color: #ffffff;\" href=\"https:\/\/incevi.es\/?page_id=87\">Pol\u00edtica de Cookies<\/a><br \/><a style=\"color: #ffffff;\" href=\"https:\/\/incevi.es\/?page_id=89\">Pol\u00edtica de Privacidad<\/a><\/span><\/strong><\/span><\/p>\n<p style=\"text-align: justify;\">\u00a0<\/p>\n<p style=\"text-align: justify;\"><strong><span style=\"color: #ffffff;\">\u00a0<\/span><\/strong><\/p>\n<p style=\"text-align: justify;\"><strong><span style=\"color: #ffffff;\">\u00a0<\/span><\/strong><\/p>\n<p style=\"text-align: justify;\"><strong><span style=\"color: #ffffff;\">\u00a0<\/span><\/strong><\/p>\n<p style=\"text-align: justify;\"><strong><span style=\"color: #ffffff;\">\u00a0<\/span><\/strong><\/p>\t\t\t\t\t\t\t\t<\/div>\n\t\t\t\t<\/div>\n\t\t\t\t\t<\/div>\n\t\t<\/div>\n\t\t\t\t\t<\/div>\n\t\t<\/section>\n\t\t\t\t\t<\/div>\n\t\t<\/div>\n\t\t\t\t\t<\/div>\n\t\t<\/section>\n\t\t\t\t<\/div>\n\t\t","protected":false},"excerpt":{"rendered":"<p>GARANT\u00cdA EMPRESA AUTORIZADA POR INDUSTRIA &nbsp; Incevi instalaciones Carme\u00f1o Viedma, es una empresa de instalaci\u00f3n y mantenimiento de climatizaci\u00f3n y fr\u00edo industrial autorizada por la Consejer\u00eda de Econom\u00eda y Consumo de la Comunidad de Madrid con el n\u00famero 28\/124618 del Registro Industrial. Nuestra gesti\u00f3n comprende el proyecto, direcci\u00f3n y ejecuci\u00f3n, en forma integral o separada, [&hellip;]<\/p>\n","protected":false},"author":2,"featured_media":0,"parent":0,"menu_order":0,"comment_status":"closed","ping_status":"closed","template":"","meta":{"site-sidebar-layout":"default","site-content-layout":"default","ast-site-content-layout":"default","site-content-style":"default","site-sidebar-style":"default","ast-global-header-display":"","ast-banner-title-visibility":"","ast-main-header-display":"","ast-hfb-above-header-display":"","ast-hfb-below-header-display":"","ast-hfb-mobile-header-display":"","site-post-title":"disabled","ast-breadcrumbs-content":"","ast-featured-img":"","footer-sml-layout":"","ast-disable-related-posts":"","theme-transparent-header-meta":"default","adv-header-id-meta":"","stick-header-meta":"","header-above-stick-meta":"","header-main-stick-meta":"","header-below-stick-meta":"","astra-migrate-meta-layouts":"default","ast-page-background-enabled":"default","ast-page-background-meta":{"desktop":{"background-color":"","background-image":"","background-repeat":"repeat","background-position":"center center","background-size":"auto","background-attachment":"scroll","background-type":"","background-media":"","overlay-type":"","overlay-color":"","overlay-opacity":"","overlay-gradient":""},"tablet":{"background-color":"","background-image":"","background-repeat":"repeat","background-position":"center center","background-size":"auto","background-attachment":"scroll","background-type":"","background-media":"","overlay-type":"","overlay-color":"","overlay-opacity":"","overlay-gradient":""},"mobile":{"background-color":"","background-image":"","background-repeat":"repeat","background-position":"center center","background-size":"auto","background-attachment":"scroll","background-type":"","background-media":"","overlay-type":"","overlay-color":"","overlay-opacity":"","overlay-gradient":""}},"ast-content-background-meta":{"desktop":{"background-color":"var(--ast-global-color-5)","background-image":"","background-repeat":"repeat","background-position":"center center","background-size":"auto","background-attachment":"scroll","background-type":"","background-media":"","overlay-type":"","overlay-color":"","overlay-opacity":"","overlay-gradient":""},"tablet":{"background-color":"var(--ast-global-color-5)","background-image":"","background-repeat":"repeat","background-position":"center center","background-size":"auto","background-attachment":"scroll","background-type":"","background-media":"","overlay-type":"","overlay-color":"","overlay-opacity":"","overlay-gradient":""},"mobile":{"background-color":"var(--ast-global-color-5)","background-image":"","background-repeat":"repeat","background-position":"center center","background-size":"auto","background-attachment":"scroll","background-type":"","background-media":"","overlay-type":"","overlay-color":"","overlay-opacity":"","overlay-gradient":""}},"_joinchat":[],"footnotes":""},"class_list":["post-207","page","type-page","status-publish","hentry"],"yoast_head":"<!-- This site is optimized with the Yoast SEO plugin v27.4 - https:\/\/yoast.com\/product\/yoast-seo-wordpress\/ -->\n<title>Garant\u00eda - Incevi<\/title>\n<meta name=\"robots\" content=\"index, follow, max-snippet:-1, max-image-preview:large, max-video-preview:-1\" \/>\n<link rel=\"canonical\" href=\"https:\/\/incevi.es\/?page_id=207\" \/>\n<meta property=\"og:locale\" content=\"es_ES\" \/>\n<meta property=\"og:type\" content=\"article\" \/>\n<meta property=\"og:title\" content=\"Garant\u00eda - Incevi\" \/>\n<meta property=\"og:description\" content=\"GARANT\u00cdA EMPRESA AUTORIZADA POR INDUSTRIA &nbsp; Incevi instalaciones Carme\u00f1o Viedma, es una empresa de instalaci\u00f3n y mantenimiento de climatizaci\u00f3n y fr\u00edo industrial autorizada por la Consejer\u00eda de Econom\u00eda y Consumo de la Comunidad de Madrid con el n\u00famero 28\/124618 del Registro Industrial. Nuestra gesti\u00f3n comprende el proyecto, direcci\u00f3n y ejecuci\u00f3n, en forma integral o separada, [&hellip;]\" \/>\n<meta property=\"og:url\" content=\"https:\/\/incevi.es\/?page_id=207\" \/>\n<meta property=\"og:site_name\" content=\"Incevi\" \/>\n<meta property=\"article:publisher\" content=\"https:\/\/www.facebook.com\/incevicb.instalacionescermenoviedma\" \/>\n<meta property=\"article:modified_time\" content=\"2020-10-21T13:38:25+00:00\" \/>\n<meta property=\"og:image\" content=\"https:\/\/incevi.es\/wp-content\/uploads\/2025\/10\/2020-04-30.webp\" \/>\n\t<meta property=\"og:image:width\" content=\"625\" \/>\n\t<meta property=\"og:image:height\" content=\"351\" \/>\n\t<meta property=\"og:image:type\" content=\"image\/webp\" \/>\n<meta name=\"twitter:card\" content=\"summary_large_image\" \/>\n<meta name=\"twitter:label1\" content=\"Tiempo de lectura\" \/>\n\t<meta name=\"twitter:data1\" content=\"2 minutos\" \/>\n<script type=\"application\/ld+json\" class=\"yoast-schema-graph\">{\"@context\":\"https:\\\/\\\/schema.org\",\"@graph\":[{\"@type\":\"WebPage\",\"@id\":\"https:\\\/\\\/incevi.es\\\/?page_id=207\",\"url\":\"https:\\\/\\\/incevi.es\\\/?page_id=207\",\"name\":\"Garant\u00eda - Incevi\",\"isPartOf\":{\"@id\":\"https:\\\/\\\/incevi.es\\\/#website\"},\"datePublished\":\"2019-12-28T10:14:32+00:00\",\"dateModified\":\"2020-10-21T13:38:25+00:00\",\"breadcrumb\":{\"@id\":\"https:\\\/\\\/incevi.es\\\/?page_id=207#breadcrumb\"},\"inLanguage\":\"es\",\"potentialAction\":[{\"@type\":\"ReadAction\",\"target\":[\"https:\\\/\\\/incevi.es\\\/?page_id=207\"]}]},{\"@type\":\"BreadcrumbList\",\"@id\":\"https:\\\/\\\/incevi.es\\\/?page_id=207#breadcrumb\",\"itemListElement\":[{\"@type\":\"ListItem\",\"position\":1,\"name\":\"Inicio\",\"item\":\"https:\\\/\\\/incevi.es\\\/\"},{\"@type\":\"ListItem\",\"position\":2,\"name\":\"Garant\u00eda\"}]},{\"@type\":\"WebSite\",\"@id\":\"https:\\\/\\\/incevi.es\\\/#website\",\"url\":\"https:\\\/\\\/incevi.es\\\/\",\"name\":\"Incevi C.B Instalaciones Cerme\u00f1o Viedma\",\"description\":\"Servicios de fontaner\u00eda y climatizaci\u00f3nen Arganda del Rey. Con m\u00e1s de 20 a\u00f1os de experiencia ofreciendo soluciones r\u00e1pidas y profesionales.\",\"publisher\":{\"@id\":\"https:\\\/\\\/incevi.es\\\/#organization\"},\"alternateName\":\"Incevi C.B\",\"potentialAction\":[{\"@type\":\"SearchAction\",\"target\":{\"@type\":\"EntryPoint\",\"urlTemplate\":\"https:\\\/\\\/incevi.es\\\/?s={search_term_string}\"},\"query-input\":{\"@type\":\"PropertyValueSpecification\",\"valueRequired\":true,\"valueName\":\"search_term_string\"}}],\"inLanguage\":\"es\"},{\"@type\":\"Organization\",\"@id\":\"https:\\\/\\\/incevi.es\\\/#organization\",\"name\":\"INCEVI C.B\",\"alternateName\":\"INCEVI\",\"url\":\"https:\\\/\\\/incevi.es\\\/\",\"logo\":{\"@type\":\"ImageObject\",\"inLanguage\":\"es\",\"@id\":\"https:\\\/\\\/incevi.es\\\/#\\\/schema\\\/logo\\\/image\\\/\",\"url\":\"https:\\\/\\\/incevi.es\\\/wp-content\\\/uploads\\\/2020\\\/04\\\/cropped-cropped-logo-sin-fondo-1-e1587298985321.png\",\"contentUrl\":\"https:\\\/\\\/incevi.es\\\/wp-content\\\/uploads\\\/2020\\\/04\\\/cropped-cropped-logo-sin-fondo-1-e1587298985321.png\",\"width\":750,\"height\":372,\"caption\":\"INCEVI C.B\"},\"image\":{\"@id\":\"https:\\\/\\\/incevi.es\\\/#\\\/schema\\\/logo\\\/image\\\/\"},\"sameAs\":[\"https:\\\/\\\/www.facebook.com\\\/incevicb.instalacionescermenoviedma\"]}]}<\/script>\n<!-- \/ Yoast SEO plugin. -->","yoast_head_json":{"title":"Garant\u00eda - Incevi","robots":{"index":"index","follow":"follow","max-snippet":"max-snippet:-1","max-image-preview":"max-image-preview:large","max-video-preview":"max-video-preview:-1"},"canonical":"https:\/\/incevi.es\/?page_id=207","og_locale":"es_ES","og_type":"article","og_title":"Garant\u00eda - Incevi","og_description":"GARANT\u00cdA EMPRESA AUTORIZADA POR INDUSTRIA &nbsp; Incevi instalaciones Carme\u00f1o Viedma, es una empresa de instalaci\u00f3n y mantenimiento de climatizaci\u00f3n y fr\u00edo industrial autorizada por la Consejer\u00eda de Econom\u00eda y Consumo de la Comunidad de Madrid con el n\u00famero 28\/124618 del Registro Industrial. Nuestra gesti\u00f3n comprende el proyecto, direcci\u00f3n y ejecuci\u00f3n, en forma integral o separada, [&hellip;]","og_url":"https:\/\/incevi.es\/?page_id=207","og_site_name":"Incevi","article_publisher":"https:\/\/www.facebook.com\/incevicb.instalacionescermenoviedma","article_modified_time":"2020-10-21T13:38:25+00:00","og_image":[{"width":625,"height":351,"url":"https:\/\/incevi.es\/wp-content\/uploads\/2025\/10\/2020-04-30.webp","type":"image\/webp"}],"twitter_card":"summary_large_image","twitter_misc":{"Tiempo de lectura":"2 minutos"},"schema":{"@context":"https:\/\/schema.org","@graph":[{"@type":"WebPage","@id":"https:\/\/incevi.es\/?page_id=207","url":"https:\/\/incevi.es\/?page_id=207","name":"Garant\u00eda - Incevi","isPartOf":{"@id":"https:\/\/incevi.es\/#website"},"datePublished":"2019-12-28T10:14:32+00:00","dateModified":"2020-10-21T13:38:25+00:00","breadcrumb":{"@id":"https:\/\/incevi.es\/?page_id=207#breadcrumb"},"inLanguage":"es","potentialAction":[{"@type":"ReadAction","target":["https:\/\/incevi.es\/?page_id=207"]}]},{"@type":"BreadcrumbList","@id":"https:\/\/incevi.es\/?page_id=207#breadcrumb","itemListElement":[{"@type":"ListItem","position":1,"name":"Inicio","item":"https:\/\/incevi.es\/"},{"@type":"ListItem","position":2,"name":"Garant\u00eda"}]},{"@type":"WebSite","@id":"https:\/\/incevi.es\/#website","url":"https:\/\/incevi.es\/","name":"Incevi C.B Instalaciones Cerme\u00f1o Viedma","description":"Servicios de fontaner\u00eda y climatizaci\u00f3nen Arganda del Rey. Con m\u00e1s de 20 a\u00f1os de experiencia ofreciendo soluciones r\u00e1pidas y profesionales.","publisher":{"@id":"https:\/\/incevi.es\/#organization"},"alternateName":"Incevi C.B","potentialAction":[{"@type":"SearchAction","target":{"@type":"EntryPoint","urlTemplate":"https:\/\/incevi.es\/?s={search_term_string}"},"query-input":{"@type":"PropertyValueSpecification","valueRequired":true,"valueName":"search_term_string"}}],"inLanguage":"es"},{"@type":"Organization","@id":"https:\/\/incevi.es\/#organization","name":"INCEVI C.B","alternateName":"INCEVI","url":"https:\/\/incevi.es\/","logo":{"@type":"ImageObject","inLanguage":"es","@id":"https:\/\/incevi.es\/#\/schema\/logo\/image\/","url":"https:\/\/incevi.es\/wp-content\/uploads\/2020\/04\/cropped-cropped-logo-sin-fondo-1-e1587298985321.png","contentUrl":"https:\/\/incevi.es\/wp-content\/uploads\/2020\/04\/cropped-cropped-logo-sin-fondo-1-e1587298985321.png","width":750,"height":372,"caption":"INCEVI C.B"},"image":{"@id":"https:\/\/incevi.es\/#\/schema\/logo\/image\/"},"sameAs":["https:\/\/www.facebook.com\/incevicb.instalacionescermenoviedma"]}]}},"_links":{"self":[{"href":"https:\/\/incevi.es\/index.php?rest_route=\/wp\/v2\/pages\/207","targetHints":{"allow":["GET"]}}],"collection":[{"href":"https:\/\/incevi.es\/index.php?rest_route=\/wp\/v2\/pages"}],"about":[{"href":"https:\/\/incevi.es\/index.php?rest_route=\/wp\/v2\/types\/page"}],"author":[{"embeddable":true,"href":"https:\/\/incevi.es\/index.php?rest_route=\/wp\/v2\/users\/2"}],"replies":[{"embeddable":true,"href":"https:\/\/incevi.es\/index.php?rest_route=%2Fwp%2Fv2%2Fcomments&post=207"}],"version-history":[{"count":14,"href":"https:\/\/incevi.es\/index.php?rest_route=\/wp\/v2\/pages\/207\/revisions"}],"predecessor-version":[{"id":1603,"href":"https:\/\/incevi.es\/index.php?rest_route=\/wp\/v2\/pages\/207\/revisions\/1603"}],"wp:attachment":[{"href":"https:\/\/incevi.es\/index.php?rest_route=%2Fwp%2Fv2%2Fmedia&parent=207"}],"curies":[{"name":"wp","href":"https:\/\/api.w.org\/{rel}","templated":true}]}}