{"id":73,"date":"2019-06-19T19:14:51","date_gmt":"2019-06-19T19:14:51","guid":{"rendered":"http:\/\/incevi.es\/?page_id=73"},"modified":"2020-06-10T15:55:35","modified_gmt":"2020-06-10T15:55:35","slug":"formulario-de-contacto","status":"publish","type":"page","link":"https:\/\/incevi.es\/?page_id=73","title":{"rendered":"Contacta con Nosotros"},"content":{"rendered":"\t\t<div data-elementor-type=\"wp-page\" data-elementor-id=\"73\" class=\"elementor elementor-73\">\n\t\t\t\t\t\t<section class=\"elementor-section elementor-top-section elementor-element elementor-element-5b3a71cd elementor-section-stretched elementor-section-boxed elementor-section-height-default elementor-section-height-default\" data-id=\"5b3a71cd\" data-element_type=\"section\" data-e-type=\"section\" data-settings=\"{&quot;stretch_section&quot;:&quot;section-stretched&quot;}\">\n\t\t\t\t\t\t<div class=\"elementor-container elementor-column-gap-default\">\n\t\t\t\t\t<div class=\"elementor-column elementor-col-100 elementor-top-column elementor-element elementor-element-37e8f655\" data-id=\"37e8f655\" data-element_type=\"column\" data-e-type=\"column\">\n\t\t\t<div class=\"elementor-widget-wrap\">\n\t\t\t\t\t\t\t<\/div>\n\t\t<\/div>\n\t\t\t\t\t<\/div>\n\t\t<\/section>\n\t\t\t\t<section class=\"elementor-section elementor-top-section elementor-element elementor-element-3184339 elementor-section-boxed elementor-section-height-default elementor-section-height-default\" data-id=\"3184339\" data-element_type=\"section\" data-e-type=\"section\">\n\t\t\t\t\t\t<div class=\"elementor-container elementor-column-gap-default\">\n\t\t\t\t\t<div class=\"elementor-column elementor-col-100 elementor-top-column elementor-element elementor-element-53eefdd\" data-id=\"53eefdd\" data-element_type=\"column\" data-e-type=\"column\">\n\t\t\t<div class=\"elementor-widget-wrap elementor-element-populated\">\n\t\t\t\t\t\t<div class=\"elementor-element elementor-element-49e03fb elementor-widget elementor-widget-heading\" data-id=\"49e03fb\" data-element_type=\"widget\" data-e-type=\"widget\" data-widget_type=\"heading.default\">\n\t\t\t\t<div class=\"elementor-widget-container\">\n\t\t\t\t\t<h2 class=\"elementor-heading-title elementor-size-default\">pIDE TU PRESUPUESTO<\/h2>\t\t\t\t<\/div>\n\t\t\t\t<\/div>\n\t\t\t\t\t<\/div>\n\t\t<\/div>\n\t\t\t\t\t<\/div>\n\t\t<\/section>\n\t\t\t\t<section class=\"elementor-section elementor-top-section elementor-element elementor-element-55ea7f55 elementor-section-stretched elementor-section-boxed elementor-section-height-default elementor-section-height-default\" data-id=\"55ea7f55\" data-element_type=\"section\" data-e-type=\"section\" data-settings=\"{&quot;stretch_section&quot;:&quot;section-stretched&quot;}\">\n\t\t\t\t\t\t\t<div class=\"elementor-background-overlay\"><\/div>\n\t\t\t\t\t\t\t<div class=\"elementor-container elementor-column-gap-default\">\n\t\t\t\t\t<div class=\"elementor-column elementor-col-100 elementor-top-column elementor-element elementor-element-43d70a22\" data-id=\"43d70a22\" data-element_type=\"column\" data-e-type=\"column\">\n\t\t\t<div class=\"elementor-widget-wrap elementor-element-populated\">\n\t\t\t\t\t\t<div class=\"elementor-element elementor-element-357b67a0 elementor-widget elementor-widget-text-editor\" data-id=\"357b67a0\" data-element_type=\"widget\" data-e-type=\"widget\" id=\"C\" data-widget_type=\"text-editor.default\">\n\t\t\t\t<div class=\"elementor-widget-container\">\n\t\t\t\t\t\t\t\t\t<p style=\"text-align: left;\"><p>[contact-form-7 id=\u00bb65&#8243; title=\u00bbContacta con nosotros\u00bb]<\/p>\n<\/p>\t\t\t\t\t\t\t\t<\/div>\n\t\t\t\t<\/div>\n\t\t\t\t<div class=\"elementor-element elementor-element-a83609c elementor-widget elementor-widget-eael-adv-accordion\" data-id=\"a83609c\" data-element_type=\"widget\" data-e-type=\"widget\" data-widget_type=\"eael-adv-accordion.default\">\n\t\t\t\t<div class=\"elementor-widget-container\">\n\t\t\t\t\t            <div class=\"eael-adv-accordion\" id=\"eael-adv-accordion-a83609c\" data-scroll-on-click=\"no\" data-scroll-speed=\"300\" data-accordion-id=\"a83609c\" data-accordion-type=\"accordion\" data-toogle-speed=\"300\">\n            <div class=\"eael-accordion-list\">\n\t\t\t\t\t<div id=\"-leer-ms-\" class=\"elementor-tab-title eael-accordion-header\" tabindex=\"0\" data-tab=\"1\" aria-controls=\"elementor-tab-content-1761\"><span class=\"eael-advanced-accordion-icon-closed\"><i aria-hidden=\"true\" class=\"fa-accordion-icon far fa-arrow-alt-circle-right\"><\/i><\/span><span class=\"eael-advanced-accordion-icon-opened\"><i aria-hidden=\"true\" class=\"fa-accordion-icon fas fa-minus\"><\/i><\/span><span class=\"eael-accordion-tab-title\"> Leer m\u00e1s ...<\/span><\/div><div id=\"elementor-tab-content-1761\" class=\"eael-accordion-content clearfix\" data-tab=\"1\" aria-labelledby=\"-leer-ms-\"><p><a href=\"https:\/\/incevi.es\/?page_id=89\"><strong style=\"font-size: 17px\"><span style=\"color: #000000\">POL\u00cdTICA DE PRIVACIDAD Confidencialidad y protecci\u00f3n de datos<\/span> <\/strong><\/a><span style=\"font-size: 17px\">A efecto de lo previsto en la Ley Org\u00e1nica 15\/1999, de 13 de diciembre, de Protecci\u00f3n de Datos de Car\u00e1cter Personal, INCEVI C.B informa al usuario de la existencia de un fichero automatizado de datos de car\u00e1cter personal creado por y para INCEVI C.B y bajo su responsabilidad, con la finalidad de realizar el mantenimiento y gesti\u00f3n de la relaci\u00f3n con el Usuario, as\u00ed como las labores de informaci\u00f3n.<\/span><\/p><\/div>\n\t\t\t\t\t<\/div><\/div>\t\t\t\t<\/div>\n\t\t\t\t<\/div>\n\t\t\t\t\t<\/div>\n\t\t<\/div>\n\t\t\t\t\t<\/div>\n\t\t<\/section>\n\t\t\t\t<section class=\"elementor-section elementor-top-section elementor-element elementor-element-76b17894 elementor-section-stretched elementor-section-full_width elementor-section-height-default elementor-section-height-default\" data-id=\"76b17894\" data-element_type=\"section\" data-e-type=\"section\" data-settings=\"{&quot;background_background&quot;:&quot;classic&quot;,&quot;stretch_section&quot;:&quot;section-stretched&quot;}\">\n\t\t\t\t\t\t\t<div class=\"elementor-background-overlay\"><\/div>\n\t\t\t\t\t\t\t<div class=\"elementor-container elementor-column-gap-default\">\n\t\t\t\t\t<div class=\"elementor-column elementor-col-100 elementor-top-column elementor-element elementor-element-76af80dd\" data-id=\"76af80dd\" data-element_type=\"column\" data-e-type=\"column\" data-settings=\"{&quot;background_background&quot;:&quot;classic&quot;}\">\n\t\t\t<div class=\"elementor-widget-wrap elementor-element-populated\">\n\t\t\t\t\t\t<section class=\"elementor-section elementor-inner-section elementor-element elementor-element-6b01a0b0 elementor-section-full_width elementor-section-height-default elementor-section-height-default\" data-id=\"6b01a0b0\" data-element_type=\"section\" data-e-type=\"section\">\n\t\t\t\t\t\t<div class=\"elementor-container elementor-column-gap-no\">\n\t\t\t\t\t<div class=\"elementor-column elementor-col-33 elementor-inner-column elementor-element elementor-element-5b94acf8\" data-id=\"5b94acf8\" data-element_type=\"column\" data-e-type=\"column\">\n\t\t\t<div class=\"elementor-widget-wrap elementor-element-populated\">\n\t\t\t\t\t\t<div class=\"elementor-element elementor-element-11924b01 elementor-widget elementor-widget-text-editor\" data-id=\"11924b01\" data-element_type=\"widget\" data-e-type=\"widget\" data-widget_type=\"text-editor.default\">\n\t\t\t\t<div class=\"elementor-widget-container\">\n\t\t\t\t\t\t\t\t\t<p><span style=\"color: #ffffff;\">CONTACTO<span style=\"text-decoration: underline;\"><br><\/span><br>Tel\u00e9fono: <a style=\"color: #ffffff;\" href=\"tel: 910 14 47 80\">910 14 47 80<\/a><\/span><br><span style=\"color: #ffffff;\">Movil: <a style=\"color: #ffffff;\" href=\"tel:639720688\">639720688<\/a><\/span><br style=\"color: rgb(255, 255, 255);\"><span style=\"color: rgb(255, 255, 255); font-size: 15px; font-style: normal; font-weight: 400;\">Correo:&nbsp;<\/span><a href=\"mailto:incevicb@gmail.com\" style=\"font-size: 15px; font-style: normal; font-weight: 400; color: rgb(255, 255, 255);\">incevicb@gmail.com<\/a><span style=\"color: #ffffff;\"><br>C\/ Adolfo Marsillach 2, Local 22 &#8211; 28500 Arganda del Rey, Madrid<\/span><\/p>\t\t\t\t\t\t\t\t<\/div>\n\t\t\t\t<\/div>\n\t\t\t\t<div class=\"elementor-element elementor-element-73faf942 elementor-widget elementor-widget-heading\" data-id=\"73faf942\" data-element_type=\"widget\" data-e-type=\"widget\" data-widget_type=\"heading.default\">\n\t\t\t\t<div class=\"elementor-widget-container\">\n\t\t\t\t\t<h2 class=\"elementor-heading-title elementor-size-default\">Siguenos en Facebook<\/h2>\t\t\t\t<\/div>\n\t\t\t\t<\/div>\n\t\t\t\t<div class=\"elementor-element elementor-element-15e2333a e-grid-align-left e-grid-align-mobile-center elementor-shape-rounded elementor-grid-0 elementor-widget elementor-widget-social-icons\" data-id=\"15e2333a\" data-element_type=\"widget\" data-e-type=\"widget\" data-widget_type=\"social-icons.default\">\n\t\t\t\t<div class=\"elementor-widget-container\">\n\t\t\t\t\t\t\t<div class=\"elementor-social-icons-wrapper elementor-grid\">\n\t\t\t\t\t\t\t<span class=\"elementor-grid-item\">\n\t\t\t\t\t<a class=\"elementor-icon elementor-social-icon elementor-social-icon-facebook elementor-repeater-item-636f292\" href=\"https:\/\/www.facebook.com\/incevicb.instalacionescermenoviedma\" target=\"_blank\">\n\t\t\t\t\t\t<span class=\"elementor-screen-only\">Facebook<\/span>\n\t\t\t\t\t\t<i aria-hidden=\"true\" class=\"fab fa-facebook\"><\/i>\t\t\t\t\t<\/a>\n\t\t\t\t<\/span>\n\t\t\t\t\t<\/div>\n\t\t\t\t\t\t<\/div>\n\t\t\t\t<\/div>\n\t\t\t\t\t<\/div>\n\t\t<\/div>\n\t\t\t\t<div class=\"elementor-column elementor-col-33 elementor-inner-column elementor-element elementor-element-6c781b45\" data-id=\"6c781b45\" data-element_type=\"column\" data-e-type=\"column\">\n\t\t\t<div class=\"elementor-widget-wrap elementor-element-populated\">\n\t\t\t\t\t\t<div class=\"elementor-element elementor-element-74f0578a elementor-widget elementor-widget-text-editor\" data-id=\"74f0578a\" data-element_type=\"widget\" data-e-type=\"widget\" data-widget_type=\"text-editor.default\">\n\t\t\t\t<div class=\"elementor-widget-container\">\n\t\t\t\t\t\t\t\t\t<p><span style=\"font-size: 15px; font-style: normal; font-weight: 400; color: #ffffff;\"><span style=\"font-size: 15px;\">TE AYUDAMOS<br \/><\/span><\/span><br style=\"color: #7a7a7a; font-weight: 400;\" \/><span style=\"color: #ffffff;\"><a style=\"color: #ffffff;\" href=\"mailto:incevicb@gmail.com\"><span style=\"font-size: 15px; font-style: normal; font-weight: 400;\">Pide tu presupuesto<\/span><\/a><\/span><br style=\"color: #7a7a7a; font-weight: 400;\" \/><span style=\"font-size: 15px; font-style: normal; font-weight: 400; color: #ffffff;\"><a style=\"color: #ffffff;\" href=\"https:\/\/incevi.es\/?page_id=746\">Seguridad en tus instalaciones<\/a><br \/><a style=\"color: #ffffff;\" href=\"https:\/\/incevi.es\/?page_id=702\">Consejos de ahorro<\/a><\/span><br style=\"color: #7a7a7a; font-weight: 400;\" \/><span style=\"font-size: 15px; font-style: normal; font-weight: 400; color: #ffffff;\"><a style=\"color: #ffffff;\" href=\"https:\/\/incevi.es\/?page_id=207\" target=\"_blank\" rel=\"noopener\">Garant\u00eda<\/a><br \/><\/span><\/p>\n<p><strong><span style=\"color: #ffffff; font-style: normal; font-size: 16px;\">\u00a0<\/span><\/strong><\/p>\n<p><strong><span style=\"color: #ffffff;\">\u00a0<\/span><\/strong><\/p>\t\t\t\t\t\t\t\t<\/div>\n\t\t\t\t<\/div>\n\t\t\t\t\t<\/div>\n\t\t<\/div>\n\t\t\t\t<div class=\"elementor-column elementor-col-33 elementor-inner-column elementor-element elementor-element-2560e0eb\" data-id=\"2560e0eb\" data-element_type=\"column\" data-e-type=\"column\">\n\t\t\t<div class=\"elementor-widget-wrap elementor-element-populated\">\n\t\t\t\t\t\t<div class=\"elementor-element elementor-element-1b6b997a elementor-widget elementor-widget-text-editor\" data-id=\"1b6b997a\" data-element_type=\"widget\" data-e-type=\"widget\" data-widget_type=\"text-editor.default\">\n\t\t\t\t<div class=\"elementor-widget-container\">\n\t\t\t\t\t\t\t\t\t<p style=\"text-align: justify;\"><a href=\"https:\/\/incevi.es\/?page_id=663\"><span style=\"color: #ffffff;\"><strong>Aviso Legal<\/strong><\/span><\/a><br style=\"color: #7a7a7a;\" \/><span style=\"color: #ffffff;\"><strong><span style=\"font-size: 15px; font-style: normal;\"><a style=\"color: #ffffff;\" href=\"https:\/\/incevi.es\/?page_id=87\">Pol\u00edtica de Cookies<\/a><br \/><a style=\"color: #ffffff;\" href=\"https:\/\/incevi.es\/?page_id=89\">Pol\u00edtica de Privacidad<\/a><\/span><\/strong><\/span><\/p>\n<p style=\"text-align: justify;\">\u00a0<\/p>\n<p style=\"text-align: justify;\"><strong><span style=\"color: #ffffff;\">\u00a0<\/span><\/strong><\/p>\n<p style=\"text-align: justify;\"><strong><span style=\"color: #ffffff;\">\u00a0<\/span><\/strong><\/p>\n<p style=\"text-align: justify;\"><strong><span style=\"color: #ffffff;\">\u00a0<\/span><\/strong><\/p>\n<p style=\"text-align: justify;\"><strong><span style=\"color: #ffffff;\">\u00a0<\/span><\/strong><\/p>\t\t\t\t\t\t\t\t<\/div>\n\t\t\t\t<\/div>\n\t\t\t\t\t<\/div>\n\t\t<\/div>\n\t\t\t\t\t<\/div>\n\t\t<\/section>\n\t\t\t\t\t<\/div>\n\t\t<\/div>\n\t\t\t\t\t<\/div>\n\t\t<\/section>\n\t\t\t\t<section class=\"elementor-section elementor-top-section elementor-element elementor-element-79f32c31 elementor-section-boxed elementor-section-height-default elementor-section-height-default\" data-id=\"79f32c31\" data-element_type=\"section\" data-e-type=\"section\">\n\t\t\t\t\t\t<div class=\"elementor-container elementor-column-gap-default\">\n\t\t\t\t\t<div class=\"elementor-column elementor-col-100 elementor-top-column elementor-element elementor-element-2ac6b3a9\" data-id=\"2ac6b3a9\" data-element_type=\"column\" data-e-type=\"column\">\n\t\t\t<div class=\"elementor-widget-wrap\">\n\t\t\t\t\t\t\t<\/div>\n\t\t<\/div>\n\t\t\t\t\t<\/div>\n\t\t<\/section>\n\t\t\t\t<\/div>\n\t\t","protected":false},"excerpt":{"rendered":"<p>pIDE TU PRESUPUESTO Leer m\u00e1s &#8230; POL\u00cdTICA DE PRIVACIDAD Confidencialidad y protecci\u00f3n de datos A efecto de lo previsto en la Ley Org\u00e1nica 15\/1999, de 13 de diciembre, de Protecci\u00f3n de Datos de Car\u00e1cter Personal, INCEVI C.B informa al usuario de la existencia de un fichero automatizado de datos de car\u00e1cter personal creado por y [&hellip;]<\/p>\n","protected":false},"author":2,"featured_media":0,"parent":0,"menu_order":0,"comment_status":"closed","ping_status":"closed","template":"","meta":{"site-sidebar-layout":"default","site-content-layout":"default","ast-site-content-layout":"default","site-content-style":"default","site-sidebar-style":"default","ast-global-header-display":"","ast-banner-title-visibility":"","ast-main-header-display":"","ast-hfb-above-header-display":"","ast-hfb-below-header-display":"","ast-hfb-mobile-header-display":"","site-post-title":"disabled","ast-breadcrumbs-content":"","ast-featured-img":"","footer-sml-layout":"","ast-disable-related-posts":"","theme-transparent-header-meta":"default","adv-header-id-meta":"","stick-header-meta":"","header-above-stick-meta":"","header-main-stick-meta":"","header-below-stick-meta":"","astra-migrate-meta-layouts":"default","ast-page-background-enabled":"default","ast-page-background-meta":{"desktop":{"background-color":"","background-image":"","background-repeat":"repeat","background-position":"center center","background-size":"auto","background-attachment":"scroll","background-type":"","background-media":"","overlay-type":"","overlay-color":"","overlay-opacity":"","overlay-gradient":""},"tablet":{"background-color":"","background-image":"","background-repeat":"repeat","background-position":"center center","background-size":"auto","background-attachment":"scroll","background-type":"","background-media":"","overlay-type":"","overlay-color":"","overlay-opacity":"","overlay-gradient":""},"mobile":{"background-color":"","background-image":"","background-repeat":"repeat","background-position":"center center","background-size":"auto","background-attachment":"scroll","background-type":"","background-media":"","overlay-type":"","overlay-color":"","overlay-opacity":"","overlay-gradient":""}},"ast-content-background-meta":{"desktop":{"background-color":"var(--ast-global-color-5)","background-image":"","background-repeat":"repeat","background-position":"center center","background-size":"auto","background-attachment":"scroll","background-type":"","background-media":"","overlay-type":"","overlay-color":"","overlay-opacity":"","overlay-gradient":""},"tablet":{"background-color":"var(--ast-global-color-5)","background-image":"","background-repeat":"repeat","background-position":"center center","background-size":"auto","background-attachment":"scroll","background-type":"","background-media":"","overlay-type":"","overlay-color":"","overlay-opacity":"","overlay-gradient":""},"mobile":{"background-color":"var(--ast-global-color-5)","background-image":"","background-repeat":"repeat","background-position":"center center","background-size":"auto","background-attachment":"scroll","background-type":"","background-media":"","overlay-type":"","overlay-color":"","overlay-opacity":"","overlay-gradient":""}},"_joinchat":[],"footnotes":""},"class_list":["post-73","page","type-page","status-publish","hentry"],"yoast_head":"<!-- This site is optimized with the Yoast SEO plugin v27.4 - https:\/\/yoast.com\/product\/yoast-seo-wordpress\/ -->\n<title>Contacta con Nosotros - Incevi<\/title>\n<meta name=\"robots\" content=\"index, follow, max-snippet:-1, max-image-preview:large, max-video-preview:-1\" \/>\n<link rel=\"canonical\" href=\"https:\/\/incevi.es\/?page_id=73\" \/>\n<meta property=\"og:locale\" content=\"es_ES\" \/>\n<meta property=\"og:type\" content=\"article\" \/>\n<meta property=\"og:title\" content=\"Contacta con Nosotros - Incevi\" \/>\n<meta property=\"og:description\" content=\"pIDE TU PRESUPUESTO Leer m\u00e1s &#8230; POL\u00cdTICA DE PRIVACIDAD Confidencialidad y protecci\u00f3n de datos A efecto de lo previsto en la Ley Org\u00e1nica 15\/1999, de 13 de diciembre, de Protecci\u00f3n de Datos de Car\u00e1cter Personal, INCEVI C.B informa al usuario de la existencia de un fichero automatizado de datos de car\u00e1cter personal creado por y [&hellip;]\" \/>\n<meta property=\"og:url\" content=\"https:\/\/incevi.es\/?page_id=73\" \/>\n<meta property=\"og:site_name\" content=\"Incevi\" \/>\n<meta property=\"article:publisher\" content=\"https:\/\/www.facebook.com\/incevicb.instalacionescermenoviedma\" \/>\n<meta property=\"article:modified_time\" content=\"2020-06-10T15:55:35+00:00\" \/>\n<meta property=\"og:image\" content=\"https:\/\/incevi.es\/wp-content\/uploads\/2025\/10\/2020-04-30.webp\" \/>\n\t<meta property=\"og:image:width\" content=\"625\" \/>\n\t<meta property=\"og:image:height\" content=\"351\" \/>\n\t<meta property=\"og:image:type\" content=\"image\/webp\" \/>\n<meta name=\"twitter:card\" content=\"summary_large_image\" \/>\n<meta name=\"twitter:label1\" content=\"Tiempo de lectura\" \/>\n\t<meta name=\"twitter:data1\" content=\"1 minuto\" \/>\n<script type=\"application\/ld+json\" class=\"yoast-schema-graph\">{\"@context\":\"https:\\\/\\\/schema.org\",\"@graph\":[{\"@type\":\"WebPage\",\"@id\":\"https:\\\/\\\/incevi.es\\\/?page_id=73\",\"url\":\"https:\\\/\\\/incevi.es\\\/?page_id=73\",\"name\":\"Contacta con Nosotros - Incevi\",\"isPartOf\":{\"@id\":\"https:\\\/\\\/incevi.es\\\/#website\"},\"datePublished\":\"2019-06-19T19:14:51+00:00\",\"dateModified\":\"2020-06-10T15:55:35+00:00\",\"breadcrumb\":{\"@id\":\"https:\\\/\\\/incevi.es\\\/?page_id=73#breadcrumb\"},\"inLanguage\":\"es\",\"potentialAction\":[{\"@type\":\"ReadAction\",\"target\":[\"https:\\\/\\\/incevi.es\\\/?page_id=73\"]}]},{\"@type\":\"BreadcrumbList\",\"@id\":\"https:\\\/\\\/incevi.es\\\/?page_id=73#breadcrumb\",\"itemListElement\":[{\"@type\":\"ListItem\",\"position\":1,\"name\":\"Inicio\",\"item\":\"https:\\\/\\\/incevi.es\\\/\"},{\"@type\":\"ListItem\",\"position\":2,\"name\":\"Contacta con Nosotros\"}]},{\"@type\":\"WebSite\",\"@id\":\"https:\\\/\\\/incevi.es\\\/#website\",\"url\":\"https:\\\/\\\/incevi.es\\\/\",\"name\":\"Incevi C.B Instalaciones Cerme\u00f1o Viedma\",\"description\":\"Servicios de fontaner\u00eda y climatizaci\u00f3nen Arganda del Rey. Con m\u00e1s de 20 a\u00f1os de experiencia ofreciendo soluciones r\u00e1pidas y profesionales.\",\"publisher\":{\"@id\":\"https:\\\/\\\/incevi.es\\\/#organization\"},\"alternateName\":\"Incevi C.B\",\"potentialAction\":[{\"@type\":\"SearchAction\",\"target\":{\"@type\":\"EntryPoint\",\"urlTemplate\":\"https:\\\/\\\/incevi.es\\\/?s={search_term_string}\"},\"query-input\":{\"@type\":\"PropertyValueSpecification\",\"valueRequired\":true,\"valueName\":\"search_term_string\"}}],\"inLanguage\":\"es\"},{\"@type\":\"Organization\",\"@id\":\"https:\\\/\\\/incevi.es\\\/#organization\",\"name\":\"INCEVI C.B\",\"alternateName\":\"INCEVI\",\"url\":\"https:\\\/\\\/incevi.es\\\/\",\"logo\":{\"@type\":\"ImageObject\",\"inLanguage\":\"es\",\"@id\":\"https:\\\/\\\/incevi.es\\\/#\\\/schema\\\/logo\\\/image\\\/\",\"url\":\"https:\\\/\\\/incevi.es\\\/wp-content\\\/uploads\\\/2020\\\/04\\\/cropped-cropped-logo-sin-fondo-1-e1587298985321.png\",\"contentUrl\":\"https:\\\/\\\/incevi.es\\\/wp-content\\\/uploads\\\/2020\\\/04\\\/cropped-cropped-logo-sin-fondo-1-e1587298985321.png\",\"width\":750,\"height\":372,\"caption\":\"INCEVI C.B\"},\"image\":{\"@id\":\"https:\\\/\\\/incevi.es\\\/#\\\/schema\\\/logo\\\/image\\\/\"},\"sameAs\":[\"https:\\\/\\\/www.facebook.com\\\/incevicb.instalacionescermenoviedma\"]}]}<\/script>\n<!-- \/ Yoast SEO plugin. -->","yoast_head_json":{"title":"Contacta con Nosotros - Incevi","robots":{"index":"index","follow":"follow","max-snippet":"max-snippet:-1","max-image-preview":"max-image-preview:large","max-video-preview":"max-video-preview:-1"},"canonical":"https:\/\/incevi.es\/?page_id=73","og_locale":"es_ES","og_type":"article","og_title":"Contacta con Nosotros - Incevi","og_description":"pIDE TU PRESUPUESTO Leer m\u00e1s &#8230; POL\u00cdTICA DE PRIVACIDAD Confidencialidad y protecci\u00f3n de datos A efecto de lo previsto en la Ley Org\u00e1nica 15\/1999, de 13 de diciembre, de Protecci\u00f3n de Datos de Car\u00e1cter Personal, INCEVI C.B informa al usuario de la existencia de un fichero automatizado de datos de car\u00e1cter personal creado por y [&hellip;]","og_url":"https:\/\/incevi.es\/?page_id=73","og_site_name":"Incevi","article_publisher":"https:\/\/www.facebook.com\/incevicb.instalacionescermenoviedma","article_modified_time":"2020-06-10T15:55:35+00:00","og_image":[{"width":625,"height":351,"url":"https:\/\/incevi.es\/wp-content\/uploads\/2025\/10\/2020-04-30.webp","type":"image\/webp"}],"twitter_card":"summary_large_image","twitter_misc":{"Tiempo de lectura":"1 minuto"},"schema":{"@context":"https:\/\/schema.org","@graph":[{"@type":"WebPage","@id":"https:\/\/incevi.es\/?page_id=73","url":"https:\/\/incevi.es\/?page_id=73","name":"Contacta con Nosotros - Incevi","isPartOf":{"@id":"https:\/\/incevi.es\/#website"},"datePublished":"2019-06-19T19:14:51+00:00","dateModified":"2020-06-10T15:55:35+00:00","breadcrumb":{"@id":"https:\/\/incevi.es\/?page_id=73#breadcrumb"},"inLanguage":"es","potentialAction":[{"@type":"ReadAction","target":["https:\/\/incevi.es\/?page_id=73"]}]},{"@type":"BreadcrumbList","@id":"https:\/\/incevi.es\/?page_id=73#breadcrumb","itemListElement":[{"@type":"ListItem","position":1,"name":"Inicio","item":"https:\/\/incevi.es\/"},{"@type":"ListItem","position":2,"name":"Contacta con Nosotros"}]},{"@type":"WebSite","@id":"https:\/\/incevi.es\/#website","url":"https:\/\/incevi.es\/","name":"Incevi C.B Instalaciones Cerme\u00f1o Viedma","description":"Servicios de fontaner\u00eda y climatizaci\u00f3nen Arganda del Rey. Con m\u00e1s de 20 a\u00f1os de experiencia ofreciendo soluciones r\u00e1pidas y profesionales.","publisher":{"@id":"https:\/\/incevi.es\/#organization"},"alternateName":"Incevi C.B","potentialAction":[{"@type":"SearchAction","target":{"@type":"EntryPoint","urlTemplate":"https:\/\/incevi.es\/?s={search_term_string}"},"query-input":{"@type":"PropertyValueSpecification","valueRequired":true,"valueName":"search_term_string"}}],"inLanguage":"es"},{"@type":"Organization","@id":"https:\/\/incevi.es\/#organization","name":"INCEVI C.B","alternateName":"INCEVI","url":"https:\/\/incevi.es\/","logo":{"@type":"ImageObject","inLanguage":"es","@id":"https:\/\/incevi.es\/#\/schema\/logo\/image\/","url":"https:\/\/incevi.es\/wp-content\/uploads\/2020\/04\/cropped-cropped-logo-sin-fondo-1-e1587298985321.png","contentUrl":"https:\/\/incevi.es\/wp-content\/uploads\/2020\/04\/cropped-cropped-logo-sin-fondo-1-e1587298985321.png","width":750,"height":372,"caption":"INCEVI C.B"},"image":{"@id":"https:\/\/incevi.es\/#\/schema\/logo\/image\/"},"sameAs":["https:\/\/www.facebook.com\/incevicb.instalacionescermenoviedma"]}]}},"_links":{"self":[{"href":"https:\/\/incevi.es\/index.php?rest_route=\/wp\/v2\/pages\/73","targetHints":{"allow":["GET"]}}],"collection":[{"href":"https:\/\/incevi.es\/index.php?rest_route=\/wp\/v2\/pages"}],"about":[{"href":"https:\/\/incevi.es\/index.php?rest_route=\/wp\/v2\/types\/page"}],"author":[{"embeddable":true,"href":"https:\/\/incevi.es\/index.php?rest_route=\/wp\/v2\/users\/2"}],"replies":[{"embeddable":true,"href":"https:\/\/incevi.es\/index.php?rest_route=%2Fwp%2Fv2%2Fcomments&post=73"}],"version-history":[{"count":21,"href":"https:\/\/incevi.es\/index.php?rest_route=\/wp\/v2\/pages\/73\/revisions"}],"predecessor-version":[{"id":1521,"href":"https:\/\/incevi.es\/index.php?rest_route=\/wp\/v2\/pages\/73\/revisions\/1521"}],"wp:attachment":[{"href":"https:\/\/incevi.es\/index.php?rest_route=%2Fwp%2Fv2%2Fmedia&parent=73"}],"curies":[{"name":"wp","href":"https:\/\/api.w.org\/{rel}","templated":true}]}}